{"id":10011,"date":"2024-08-08T23:02:59","date_gmt":"2024-08-08T23:02:59","guid":{"rendered":"https:\/\/gostartup.com.co\/?page_id=10011"},"modified":"2024-08-17T18:24:53","modified_gmt":"2024-08-17T18:24:53","slug":"talentos-gostartup","status":"publish","type":"page","link":"https:\/\/gostartup.com.co\/en\/talentos-gostartup\/","title":{"rendered":"Ofertas laborales | Talentos Gostartup"},"content":{"rendered":"<div data-vc-full-width=\"true\" data-vc-full-width-init=\"false\" data-vc-stretch-content=\"true\" class=\"vc_row wpb_row vc_row-fluid hide-bg-on-mobile vc_custom_1606131156444 vc_custom_1606131156446 vc_row-no-padding vc_row-bg-position-top\"><div class=\"wpb_column vc_column_container vc_col-sm-12\"><div class=\"vc_column-inner vc_custom_1513003956648\"><div class=\"wpb_wrapper\"><div class=\"vc_row wpb_row vc_inner vc_row-fluid border-bottom-radius vc_custom_1627491521454 vc_custom_1627491521455 vc_row-has-fill vc_row-has-padding-top vc_row-has-padding-bottom vc_row-main-color-overlay vc_row-bg-position-top vc_inner_row-contained\"><div class=\"container\"><div class=\"wpb_column vc_column_container vc_col-sm-6\"><div class=\"vc_column-inner vc_custom_1627490784948  vc_custom_1627490784949 vc_custom_1627490784949\"><div class=\"wpb_wrapper\"><header class=\"kd-section-title col-lg-12 text-left  subtitle-below-title kd-animated fadeIn   vc_custom_1723159753499\" data-animation-delay=\"200\"><h1 class=\"separator_off\" style=\"font-size: 70px;line-height: 80px;margin-bottom:40px;\">Aqu\u00ed ser<br \/>\ncontador es <span style=\"color:#777AF2;\">cool<\/span><\/h1><h6 class=\"subtitle\" style=\"font-size:20px;\">Queremos que brilles, queremos ver tu m\u00e1ximo potencial<\/h6><\/header><a  href=\"#second-section\" class=\"tt_button tt_primary_button btn_primary_color  btn-align-left button-scroll-to-section icon_right  vc_custom_1723160099688 kd-animated zoomIn btn-smooth-scroll\" data-animation-delay=\"200\"><span class=\"prim_text\">Aplicar ahora<\/span><span class=\"fas fa-chevron-right iconita\" ><\/span><\/a><div class=\"scroll-down-wrapper  kd-animated fadeInUp  vc_custom_1606132150367\" data-animation-delay=\"400\"><a href=\"#first-section\" class=\"scroll-down-arrow btn-smooth-scroll\" ><\/a><\/div><\/div><\/div><\/div><div class=\"wpb_column vc_column_container vc_col-sm-6\"><div class=\"vc_column-inner vc_custom_1606131467300  vc_custom_1606131467302 vc_custom_1606131467302\"><div class=\"wpb_wrapper\"><div class=\"kd-photo-group group-layout-right-left large-shadow enable-parallax\">\n                <div class=\"kd-group-image first-image-wrapper\"><div class=\"kd-group-image-animation kd-animated fadeInDown\" data-animation-delay=\"200\"><img decoding=\"async\" class=\"photo-group-img\" src=\"https:\/\/www.swaytheme.com\/static\/wp-content\/uploads\/sites\/3\/2020\/08\/Startup5.jpg\" alt=\"\" loading=\"lazy\" width=\"400\" height=\"500\" \/><\/div><\/div>\n                <div class=\"kd-group-image second-image-wrapper\" style=\"bottom: -5%;\"><div class=\"kd-group-image-animation kd-animated fadeInUp\" data-animation-delay=\"200\"><img decoding=\"async\" class=\"photo-group-img\" src=\"https:\/\/www.swaytheme.com\/static\/wp-content\/uploads\/sites\/3\/2020\/08\/Startup4.jpg\" alt=\"\" loading=\"lazy\" width=\"400\" height=\"500\" \/><\/div><\/div>\n            <\/div><div class=\"kd-shapes shape_dots with-parallax kd-animated fadeIn\" style=\"top: -40px;left: 77px;width: 309px;height: 173px;\" data-parallax-speed=\"0.1\" data-animation-delay=\"400\"><\/div><div class=\"kd-shapes shape_dots with-parallax kd-animated fadeIn\" style=\"right: -147px;bottom: -30px;width: 172px;height: 222px;\" data-parallax-speed=\"0.15\" data-animation-delay=\"400\"><\/div><\/div><\/div><\/div><\/div><\/div><\/div><\/div><\/div><\/div><div class=\"vc_row-full-width vc_clearfix\"><\/div><div id=\"first-section\" data-vc-full-width=\"true\" data-vc-full-width-init=\"false\" class=\"vc_row wpb_row vc_row-fluid vc_custom_1627491615189 vc_row-has-padding-top vc_row-bg-position-top\"><div class=\"wpb_column vc_column_container vc_col-sm-12\"><div class=\"vc_column-inner vc_custom_1516008233239\"><div class=\"wpb_wrapper\"><div class=\"kd-calltoaction\" >\n                <div class=\"container\">\n                  <div class=\"cta-text-container kd-animated fadeIn\" data-animation-delay=\"200\"><div class=\"cta-text\"><h2 >\u00bfPor qu\u00e9 trabajar con Gostartup?<\/h2><p >Gostartup es una firma que cree firmemente en que los contadores somos m\u00e1s que n\u00fameros, por eso todas las personas que hagan parte de nuestro team les ayudaremos a fortalecer no solo sus habilidades duras, sino sus habilidades blandas.<\/p><\/div>\n                    <\/div>\n                    <div class=\"cta-btncontainer\"><a href=\"#\"  title=\"\" class=\"tt_button tt_primary_button btn_primary_color  button-action-link icon_right kd-animated zoomIn\" data-animation-delay=\"200\">Aplicar ahora<span class=\"fas fa-chevron-right iconita\" ><\/span><\/a><\/div>\n                <\/div>\n            <\/div><div class=\"vc_row wpb_row vc_inner vc_row-fluid vc_custom_1598637839887 vc_custom_1598637839888 vc_custom_1598637839889 vc_row-has-padding-bottom vc_row-bg-position-top\"><div class=\"wpb_column vc_column_container vc_col-sm-4\"><div class=\"vc_column-inner\"><div class=\"wpb_wrapper\"><div class=\"key-icon-box icon-default icon-left cont-left ib-hover-2       kd-animated fadeInUp\" style=\"background-color: #f4f5fd;\" data-animation-delay=\"200\"><div class=\"ib-wrapper\" style=\"padding-top:45px;padding-bottom:45px;padding-left:35px;padding-right:35px;\"><i class=\"iconsmind-Laptop-3 iconsmind-Desktop-apps\" style=\"font-size: 40px;font-weight: 400;\"><\/i> <h5 class=\"service-heading\" >100% Remoto<\/h5><p style=\"font-size: 17px;\">Trabaja desde cualquier lugar en Colombia.<\/p><\/div><\/div><\/div><\/div><\/div><div class=\"wpb_column vc_column_container vc_col-sm-4\"><div class=\"vc_column-inner\"><div class=\"wpb_wrapper\"><div class=\"key-icon-box icon-default icon-left cont-left ib-hover-2       kd-animated fadeInUp\" style=\"background-color: #f4f5fd;\" data-animation-delay=\"400\"><div class=\"ib-wrapper\" style=\"padding-top:45px;padding-bottom:45px;padding-left:35px;padding-right:35px;\"><i class=\"iconsmind-Hipster-Sunglasses3 iconsmind-Hipster-Style\" style=\"font-size: 40px;font-weight: 400;\"><\/i> <h5 class=\"service-heading\" >Ser\u00e1s parte del cambio<\/h5><p style=\"font-size: 17px;\">Somos la primera firma especializada en creadores.<\/p><\/div><\/div><\/div><\/div><\/div><div class=\"wpb_column vc_column_container vc_col-sm-4\"><div class=\"vc_column-inner\"><div class=\"wpb_wrapper\"><div class=\"key-icon-box icon-default icon-left cont-left ib-hover-2       kd-animated fadeInUp\" style=\"background-color: #f4f5fd;\" data-animation-delay=\"600\"><div class=\"ib-wrapper\" style=\"padding-top:45px;padding-bottom:45px;padding-left:35px;padding-right:35px;\"><i class=\"iconsmind-Clock-Forward iconsmind-Time\" style=\"font-size: 40px;font-weight: 400;\"><\/i> <h5 class=\"service-heading\" >Aprendizaje Continuo<\/h5><p style=\"font-size: 17px;\">Aprende sobre modelos de negocio digitales todos los d\u00edas.<\/p><\/div><\/div><\/div><\/div><\/div><\/div><div class=\"vc_row wpb_row vc_inner vc_row-fluid vc_custom_1631201193384 vc_custom_1631201193385 vc_row-has-padding-bottom vc_row-bg-position-top\"><div class=\"wpb_column vc_column_container vc_col-sm-4\"><div class=\"vc_column-inner\"><div class=\"wpb_wrapper\"><div class=\"key-icon-box icon-default icon-left cont-left ib-hover-2       kd-animated fadeInUp\" style=\"background-color: #f4f5fd;\" data-animation-delay=\"200\"><div class=\"ib-wrapper\" style=\"padding-top:45px;padding-bottom:45px;padding-left:35px;padding-right:35px;\"><i class=\"far fa-compass\" style=\"font-size: 40px;\"><\/i> <h5 class=\"service-heading\" >Amamos la tecnolog\u00eda<\/h5><p style=\"font-size: 17px;\">Domina las nuevas herramientas de automatizaci\u00f3n contable, AI, marketing, y m\u00e1s.<\/p><\/div><\/div><\/div><\/div><\/div><div class=\"wpb_column vc_column_container vc_col-sm-4\"><div class=\"vc_column-inner\"><div class=\"wpb_wrapper\"><div class=\"key-icon-box icon-default icon-left cont-left ib-hover-2       kd-animated fadeInUp\" style=\"background-color: #f4f5fd;\" data-animation-delay=\"400\"><div class=\"ib-wrapper\" style=\"padding-top:45px;padding-bottom:45px;padding-left:35px;padding-right:35px;\"><i class=\"iconsmind-Line-Chart iconsmind-Business-Finance\" style=\"font-size: 40px;font-weight: 400;\"><\/i> <h5 class=\"service-heading\" >Oportunidades de Liderazgo<\/h5><p style=\"font-size: 17px;\">Lidera webinars y talleres de Gostartup Academy.<\/p><\/div><\/div><\/div><\/div><\/div><div class=\"wpb_column vc_column_container vc_col-sm-4\"><div class=\"vc_column-inner\"><div class=\"wpb_wrapper\"><div class=\"key-icon-box icon-default icon-left cont-left ib-hover-2       kd-animated fadeInUp\" style=\"background-color: #f4f5fd;\" data-animation-delay=\"600\"><div class=\"ib-wrapper\" style=\"padding-top:45px;padding-bottom:45px;padding-left:35px;padding-right:35px;\"><i class=\"iconsmind-People-onCloud iconsmind-Cloud-Class\" style=\"font-size: 40px;font-weight: 400;\"><\/i> <h5 class=\"service-heading\" >Escuchamos tus ideas<\/h5><p style=\"font-size: 17px;\">Haz realidad tus ideas, damos la oportunidad de liderarlas e implementarlas.<\/p><\/div><\/div><\/div><\/div><\/div><\/div><\/div><\/div><\/div><\/div><div class=\"vc_row-full-width vc_clearfix\"><\/div><div class=\"vc_row wpb_row vc_row-fluid vc_row-bg-position-top\"><div class=\"wpb_column vc_column_container vc_col-sm-12\"><div class=\"vc_column-inner\"><div class=\"wpb_wrapper\"><div class=\"vc_separator wpb_content_element vc_separator_align_center vc_sep_width_100 vc_sep_pos_align_center vc_separator_no_text\" ><span class=\"vc_sep_holder vc_sep_holder_l\"><span  style=\"border-color:#e7e7e7;\" class=\"vc_sep_line\"><\/span><\/span><span class=\"vc_sep_holder vc_sep_holder_r\"><span  style=\"border-color:#e7e7e7;\" class=\"vc_sep_line\"><\/span><\/span>\n<\/div><\/div><\/div><\/div><\/div><div id=\"second-section\" data-vc-full-width=\"true\" data-vc-full-width-init=\"false\" class=\"vc_row wpb_row vc_row-fluid vc_custom_1627493544404 vc_row-has-padding-top vc_row-bg-position-top\"><div class=\"wpb_column vc_column_container vc_col-sm-12\"><div class=\"vc_column-inner vc_custom_1516008233239\"><div class=\"wpb_wrapper\"><header class=\"kd-section-title col-lg-12 text-center  subtitle-below-title kd-animated fadeIn   vc_custom_1723159979265\" data-animation-delay=\"200\"><h2 class=\"separator_off\" style=\"font-size: 42px;\">Buscamos a nuestro pr\u00f3xim@ Auxiliar Contable<\/h2><h6 class=\"subtitle\" >\u00a1Est\u00e1s a punto de darle un cambio MUY POSITIVO a tu carrera profesional!<\/h6><\/header>\n\t<div class=\"wpb_text_column wpb_content_element\" >\n\t\t<div class=\"wpb_wrapper\">\n\t\t\t<h3>\ud83c\udfe2 Acerca de GoStartup<\/h3>\n<p><strong>GoStartup<\/strong> es una firma que cree firmemente en que los contadores<strong> somos m\u00e1s que n\u00fameros<\/strong>. Por eso, a todas las personas que formen parte de nuestro equipo, les ayudamos a fortalecer no solo sus habilidades t\u00e9cnicas, sino tambi\u00e9n sus habilidades blandas.<\/p>\n<h3>\ud83d\ude80 Acerca de GoStartup<\/h3>\n<p><strong>GoStartup<\/strong> es una firma contable 100% digital especializada en el asesoramiento legal, contable y tributario de startups, emprendimientos digitales, creadores de contenido e infoproductores.<\/p>\n<p>Nuestra fundadora, <a href=\"https:\/\/www.youtube.com\/@DayhanaCorrea\"><strong>Dayhana Correa<\/strong><\/a>, es creadora de contenido, y gracias a YouTube hoy existe GoStartup. Por eso, amamos la econom\u00eda del creador, ya que crear contenido tambi\u00e9n puede ser un negocio.<\/p>\n<p>En <strong>GoStartup<\/strong> somos apasionados de la tecnolog\u00eda, desde Blockchain hasta Inteligencia Artificial. Nos encanta aprender sobre diferentes modelos de negocio, algo que hacemos todos los d\u00edas a trav\u00e9s de nuestras consultor\u00edas de diagn\u00f3stico y consultor\u00edas pagas.<\/p>\n<p><strong>GoStartup<\/strong> est\u00e1 basada en Colombia, pero tiene clientes de todas partes del mundo, principalmente de Sudam\u00e9rica, Europa y Norteam\u00e9rica. No te sorprenda tener bajo tu supervisi\u00f3n clientes de M\u00e9xico, Chile, Espa\u00f1a y Colombia.<\/p>\n<h3>\ud83d\udc65 \u00bfQui\u00e9nes son los clientes de GoStartup?<\/h3>\n<p><strong>GoStartup<\/strong> est\u00e1 especializada en el asesoramiento legal, contable y tributario de <strong>startups, emprendedores digitales B2B y B2C, creadores de contenido, infoproductores, inversores y freelancers<\/strong>.<\/p>\n<h3>\ud83d\udccb Rol<\/h3>\n<ul>\n<li>Digitaci\u00f3n de informaci\u00f3n contable de tus clientes asignados.<\/li>\n<li>Gestionar la contabilidad de tus clientes asignados.<\/li>\n<li>Liquidaci\u00f3n de impuestos nacionales y municipales para personas naturales y jur\u00eddicas.<\/li>\n<li>Generaci\u00f3n de informes semanales y mensuales para tu contador senior asignado.<\/li>\n<li>Gestionar el calendario tributario y los vencimientos de tus clientes asignados.<\/li>\n<li>Apoyo con la implementaci\u00f3n de software en la nube para tus empresas asignadas.<\/li>\n<li>Reuniones semanales, quincenales o mensuales (seg\u00fan lo acordado en nuestros contratos) con tus clientes asignados.<\/li>\n<li>2 horas diarias destinadas a consultor\u00edas diagn\u00f3sticas (ganar\u00e1s un % por cliente adquirido).<br \/>\n<em>Estas horas pueden incrementar dependiendo de tus resultados.<\/em><\/li>\n<\/ul>\n<p><strong>Todo lo anterior estar\u00e1 bajo la supervisi\u00f3n de tu contador senior asignado.<\/strong><\/p>\n<p><strong>Plus:<\/strong><\/p>\n<ul>\n<li>Tienes conocimiento de derecho laboral y comercial, y es algo que te apasiona.<\/li>\n<li>Puedes realizar recomendaciones a tus clientes a trav\u00e9s del an\u00e1lisis de estados financieros.<\/li>\n<li>Tienes conocimiento sobre planificaci\u00f3n tributaria.<\/li>\n<\/ul>\n<h3>\ud83d\udcbb <strong>Tienes que ser un pro en manejo de software en la nube<\/strong><\/h3>\n<ul>\n<li><strong>Para la gesti\u00f3n de tus clientes:<\/strong> Alegra, Siigo Nube, otros software en la nube.<\/li>\n<li><strong>Para la comunicaci\u00f3n con el equipo:<\/strong> Slack, Asana. Si a\u00fan no los conoces, estamos seguros de que aprender\u00e1s r\u00e1pido.<\/li>\n<li><strong>Gesti\u00f3n de reportes e informaci\u00f3n de tus clientes:<\/strong> Google Workspace, Airtable.<\/li>\n<li><strong>Gesti\u00f3n del historial de tus clientes:<\/strong> HubSpot.<\/li>\n<li><strong>Agendamiento con tus clientes:<\/strong> Calendly. Si a\u00fan no los conoces, estamos seguros de que aprender\u00e1s r\u00e1pido.<\/li>\n<li><strong>AI:<\/strong> S\u00ed, aqu\u00ed tambi\u00e9n ahorramos tiempo con AI: ChatGPT, Gemini, Payana, N1.<\/li>\n<\/ul>\n<h3>\ud83c\udf1f \u00bfPor qu\u00e9 trabajar con GoStartup?<\/h3>\n<ul>\n<li>Somos una empresa <strong>remote-first<\/strong>: podr\u00e1s trabajar desde cualquier parte de Colombia.<\/li>\n<li>Trabajar en la <strong>primera firma contable digital en Colombia<\/strong> especializada en creadores de contenido e infoproductores.<\/li>\n<li>Aprender todos los d\u00edas de modelos de negocios y retos de emprendedores digitales a trav\u00e9s de las consultor\u00edas diagn\u00f3stico.<\/li>\n<li>Estar al d\u00eda con la <strong>tributaci\u00f3n de empresas basadas en tecnolog\u00eda<\/strong>.<\/li>\n<li>Mejorar tus habilidades comunicativas y de ventas.<\/li>\n<li>Ser parte de los organizadores de ediciones futuras de nuestros eventos, somos m\u00e1s que n\u00fameros.<\/li>\n<li>Aprender todos los d\u00edas de herramientas de automatizaci\u00f3n, basadas en AI y productividad de la industria contable.<\/li>\n<li>Colaborar con un equipo hambriento por aprender.<\/li>\n<li>Talleres de marketing y estrategia digital dedicados a contadores.<\/li>\n<li>Acceso a los cursos de GoStartup Academy.<\/li>\n<li>Podr\u00e1s liderar talleres y webinars de GoStartup.<\/li>\n<li>Posibilidad de crear contenido para las RRSS de GoStartup.<\/li>\n<\/ul>\n<h3>\ud83c\udfaf Haces match con GoStartup si:<\/h3>\n<ul>\n<li>Te gusta la tecnolog\u00eda.<\/li>\n<li>Te apasiona la creaci\u00f3n de contenido y el marketing.<\/li>\n<li>Te gusta viajar por Colombia mientras trabajas.<\/li>\n<li>Te encanta aprender de nuevos modelos de negocio.<\/li>\n<li>Te gusta dar soluciones a los emprendedores a trav\u00e9s de informaci\u00f3n contable o tributaria.<\/li>\n<li>Te gusta trabajar en equipo.<\/li>\n<li>Te gusta solucionar problemas.<\/li>\n<li>Tienes los elementos necesarios para trabajar en remoto (Buen audio, c\u00e1mara, luz y un background impecable).<\/li>\n<\/ul>\n<h3>\ud83d\udd25 \u00bfQu\u00e9 esperamos de ti desde el primer d\u00eda?<\/h3>\n<ul>\n<li>Fuertes habilidades comunicativas y de escritura.<\/li>\n<li>Ganas imparables de aprender. Si no sabes, estudias, preguntas y te vuelves un pro.<\/li>\n<li>Puedes trabajar bajo presi\u00f3n.<\/li>\n<li>Eres profesional en tu trabajo y siempre te pones la 10 en los retos que te ponen.<\/li>\n<li>Que seas buen@ comunicando, pero tambi\u00e9n sepas escuchar a tus clientes.<\/li>\n<li>Te actualizas todos los d\u00edas acerca de tu profesi\u00f3n y de tu industria.<\/li>\n<li>Que siempre tengas disposici\u00f3n para solventar las dudas de tus clientes asignados.<\/li>\n<li>Una actitud positiva y proactiva en todo momento. Si ves que algo se puede mejorar, estaremos felices de escucharte.<\/li>\n<\/ul>\n<h3>\ud83d\udcdd Proceso de selecci\u00f3n<\/h3>\n<ol>\n<li><a href=\"https:\/\/docs.google.com\/forms\/d\/e\/1FAIpQLScpE63qHGsKFxPYRue2UCzhIaer239UgVbrHyFz2soRVjHPCQ\/viewform?usp=sf_link\">Rellena el formulario de aplicaci\u00f3n<\/a>.<\/li>\n<li>Crea un video <a href=\"https:\/\/www.loom.com\/\">Loom<\/a> cont\u00e1ndonos por qu\u00e9 encajar\u00edas en GoStartup.<\/li>\n<li>Prueba t\u00e9cnica.<\/li>\n<li>Simulaci\u00f3n de una asesor\u00eda.<\/li>\n<li>Reuni\u00f3n con el equipo fundador.<\/li>\n<li>Inicio del proceso de contrataci\u00f3n.<\/li>\n<\/ol>\n\n\t\t<\/div>\n\t<\/div>\n<\/div><\/div><\/div><\/div><div class=\"vc_row-full-width vc_clearfix\"><\/div><div data-vc-full-width=\"true\" data-vc-full-width-init=\"false\" data-vc-stretch-content=\"true\" class=\"vc_row wpb_row vc_row-fluid vc_custom_1599051625498 vc_row-no-padding vc_row-bg-position-top\"><div class=\"wpb_column vc_column_container vc_col-sm-12\"><div class=\"vc_column-inner\"><div class=\"wpb_wrapper\"><header class=\"kd-section-title col-lg-12 text-center  subtitle-below-title kd-animated fadeIn   vc_custom_1723160464831\" data-animation-delay=\"200\"><h2 class=\"separator_off\" >\u00bfTe unes a la aventura?<\/h2><\/header><a  href=\"https:\/\/forms.gle\/FcPjVXUuBaH1xjS28\"  target=\"_blank\"  title=\"\" class=\"tt_button tt_primary_button btn_primary_color  button-center button-action-link   kd-animated zoomIn\" data-animation-delay=\"200\"><span class=\"prim_text\">Aplicar ahora<\/span><\/a><div class=\"vc_empty_space\"   style=\"height: 150px\"><span class=\"vc_empty_space_inner\"><\/span><\/div><\/div><\/div><\/div><\/div><div class=\"vc_row-full-width vc_clearfix\"><\/div>","protected":false},"excerpt":{"rendered":"Aqu\u00ed ser contador es coolQueremos que brilles, queremos ver tu m\u00e1ximo potencialAplicar ahora \u00bfPor qu\u00e9 trabajar con Gostartup?Gostartup es una firma que cree firmemente en que los contadores somos m\u00e1s que n\u00fameros, por eso todas las personas que hagan parte de nuestro team les ayudaremos a fortalecer no solo sus habilidades duras, sino sus habilidades [...]","protected":false},"author":1,"featured_media":0,"parent":0,"menu_order":0,"comment_status":"closed","ping_status":"closed","template":"","meta":{"footnotes":""},"class_list":["post-10011","page","type-page","status-publish","hentry"],"yoast_head":"<!-- This site is optimized with the Yoast SEO plugin v27.5 - https:\/\/yoast.com\/product\/yoast-seo-wordpress\/ -->\n<title>Ofertas laborales | Talentos Gostartup - GoStartup<\/title>\n<meta name=\"robots\" content=\"index, follow, max-snippet:-1, max-image-preview:large, max-video-preview:-1\" \/>\n<link rel=\"canonical\" href=\"https:\/\/gostartup.com.co\/en\/talentos-gostartup\/\" \/>\n<meta property=\"og:locale\" content=\"en_US\" \/>\n<meta property=\"og:type\" content=\"article\" \/>\n<meta property=\"og:title\" content=\"Ofertas laborales | Talentos Gostartup - GoStartup\" \/>\n<meta property=\"og:url\" content=\"https:\/\/gostartup.com.co\/en\/talentos-gostartup\/\" \/>\n<meta property=\"og:site_name\" content=\"GoStartup\" \/>\n<meta property=\"article:modified_time\" content=\"2024-08-17T18:24:53+00:00\" \/>\n<meta name=\"twitter:card\" content=\"summary_large_image\" \/>\n<meta name=\"twitter:label1\" content=\"Est. reading time\" \/>\n\t<meta name=\"twitter:data1\" content=\"13 minutes\" \/>\n<script type=\"application\/ld+json\" class=\"yoast-schema-graph\">{\"@context\":\"https:\\\/\\\/schema.org\",\"@graph\":[{\"@type\":\"WebPage\",\"@id\":\"https:\\\/\\\/gostartup.com.co\\\/talentos-gostartup\\\/\",\"url\":\"https:\\\/\\\/gostartup.com.co\\\/talentos-gostartup\\\/\",\"name\":\"Ofertas laborales | Talentos Gostartup - GoStartup\",\"isPartOf\":{\"@id\":\"https:\\\/\\\/gostartup.com.co\\\/#website\"},\"datePublished\":\"2024-08-08T23:02:59+00:00\",\"dateModified\":\"2024-08-17T18:24:53+00:00\",\"breadcrumb\":{\"@id\":\"https:\\\/\\\/gostartup.com.co\\\/talentos-gostartup\\\/#breadcrumb\"},\"inLanguage\":\"en-US\",\"potentialAction\":[{\"@type\":\"ReadAction\",\"target\":[\"https:\\\/\\\/gostartup.com.co\\\/talentos-gostartup\\\/\"]}]},{\"@type\":\"BreadcrumbList\",\"@id\":\"https:\\\/\\\/gostartup.com.co\\\/talentos-gostartup\\\/#breadcrumb\",\"itemListElement\":[{\"@type\":\"ListItem\",\"position\":1,\"name\":\"Portada\",\"item\":\"https:\\\/\\\/gostartup.com.co\\\/\"},{\"@type\":\"ListItem\",\"position\":2,\"name\":\"Ofertas laborales | Talentos Gostartup\"}]},{\"@type\":\"WebSite\",\"@id\":\"https:\\\/\\\/gostartup.com.co\\\/#website\",\"url\":\"https:\\\/\\\/gostartup.com.co\\\/\",\"name\":\"GoStartup\",\"description\":\"Firma contable especializada en Emprendedores digitales\",\"alternateName\":\"Contadores, firma contable especializada en empredores digitales, creadores, infoproductores, YouTuber, Influenciadores\",\"potentialAction\":[{\"@type\":\"SearchAction\",\"target\":{\"@type\":\"EntryPoint\",\"urlTemplate\":\"https:\\\/\\\/gostartup.com.co\\\/?s={search_term_string}\"},\"query-input\":{\"@type\":\"PropertyValueSpecification\",\"valueRequired\":true,\"valueName\":\"search_term_string\"}}],\"inLanguage\":\"en-US\"}]}<\/script>\n<!-- \/ Yoast SEO plugin. -->","yoast_head_json":{"title":"Ofertas laborales | Talentos Gostartup - GoStartup","robots":{"index":"index","follow":"follow","max-snippet":"max-snippet:-1","max-image-preview":"max-image-preview:large","max-video-preview":"max-video-preview:-1"},"canonical":"https:\/\/gostartup.com.co\/en\/talentos-gostartup\/","og_locale":"en_US","og_type":"article","og_title":"Ofertas laborales | Talentos Gostartup - GoStartup","og_url":"https:\/\/gostartup.com.co\/en\/talentos-gostartup\/","og_site_name":"GoStartup","article_modified_time":"2024-08-17T18:24:53+00:00","twitter_card":"summary_large_image","twitter_misc":{"Est. reading time":"13 minutes"},"schema":{"@context":"https:\/\/schema.org","@graph":[{"@type":"WebPage","@id":"https:\/\/gostartup.com.co\/talentos-gostartup\/","url":"https:\/\/gostartup.com.co\/talentos-gostartup\/","name":"Ofertas laborales | Talentos Gostartup - GoStartup","isPartOf":{"@id":"https:\/\/gostartup.com.co\/#website"},"datePublished":"2024-08-08T23:02:59+00:00","dateModified":"2024-08-17T18:24:53+00:00","breadcrumb":{"@id":"https:\/\/gostartup.com.co\/talentos-gostartup\/#breadcrumb"},"inLanguage":"en-US","potentialAction":[{"@type":"ReadAction","target":["https:\/\/gostartup.com.co\/talentos-gostartup\/"]}]},{"@type":"BreadcrumbList","@id":"https:\/\/gostartup.com.co\/talentos-gostartup\/#breadcrumb","itemListElement":[{"@type":"ListItem","position":1,"name":"Portada","item":"https:\/\/gostartup.com.co\/"},{"@type":"ListItem","position":2,"name":"Ofertas laborales | Talentos Gostartup"}]},{"@type":"WebSite","@id":"https:\/\/gostartup.com.co\/#website","url":"https:\/\/gostartup.com.co\/","name":"GoStartup","description":"Firma contable especializada en Emprendedores digitales","alternateName":"Contadores, firma contable especializada en empredores digitales, creadores, infoproductores, YouTuber, Influenciadores","potentialAction":[{"@type":"SearchAction","target":{"@type":"EntryPoint","urlTemplate":"https:\/\/gostartup.com.co\/?s={search_term_string}"},"query-input":{"@type":"PropertyValueSpecification","valueRequired":true,"valueName":"search_term_string"}}],"inLanguage":"en-US"}]}},"_links":{"self":[{"href":"https:\/\/gostartup.com.co\/en\/wp-json\/wp\/v2\/pages\/10011","targetHints":{"allow":["GET"]}}],"collection":[{"href":"https:\/\/gostartup.com.co\/en\/wp-json\/wp\/v2\/pages"}],"about":[{"href":"https:\/\/gostartup.com.co\/en\/wp-json\/wp\/v2\/types\/page"}],"author":[{"embeddable":true,"href":"https:\/\/gostartup.com.co\/en\/wp-json\/wp\/v2\/users\/1"}],"replies":[{"embeddable":true,"href":"https:\/\/gostartup.com.co\/en\/wp-json\/wp\/v2\/comments?post=10011"}],"version-history":[{"count":30,"href":"https:\/\/gostartup.com.co\/en\/wp-json\/wp\/v2\/pages\/10011\/revisions"}],"predecessor-version":[{"id":10042,"href":"https:\/\/gostartup.com.co\/en\/wp-json\/wp\/v2\/pages\/10011\/revisions\/10042"}],"wp:attachment":[{"href":"https:\/\/gostartup.com.co\/en\/wp-json\/wp\/v2\/media?parent=10011"}],"curies":[{"name":"wp","href":"https:\/\/api.w.org\/{rel}","templated":true}]}}